{"id":31,"date":"2025-01-10T14:38:17","date_gmt":"2025-01-10T19:38:17","guid":{"rendered":"https:\/\/dttire.ca\/?page_id=31"},"modified":"2026-04-22T17:06:32","modified_gmt":"2026-04-22T21:06:32","slug":"qui-sommes-nous","status":"publish","type":"page","link":"https:\/\/dttire.ca\/fr\/qui-sommes-nous\/","title":{"rendered":"Qui sommes-nous"},"content":{"rendered":"\n<section class=\"full-media-text theme-block theme-block--innerblock alignfull video-default_size media-on-the-left\" style=\"background-color:\">\n  <div class=\"full-media-text__inner\">\n\n    <!-- -- Media in left column -- -->\n    \n      <div class=\"full-media-text__left-col\">\n                  \n<div class=\"full-media-text__media__wrapper\">\n  <div class=\"full-media-text__media\">\n\n            <img decoding=\"async\" src=\"https:\/\/dttire.ca\/wp-content\/uploads\/2025\/03\/Touchette-FINAL-nov-2023-5-scaled-1.jpg\" alt=\"\" class=\"full-media-text__image\">\n              <a class=\"btn--icon full-media-text__video__btn\" href=\"https:\/\/vimeo.com\/1007130636?share=copy\" aria-label=\"Jouer le vid\u00e9o\" data-fancybox target=\"_blank\" rel=\"noopener\">\n        <span class=\"btn-icon icon-play\"><\/span>\n        <span class=\"btn-label\">Regarder la vid\u00e9o<\/span>\n      <\/a>\n      \n\n  <\/div>\n<\/div>\n              <\/div>\n      \n      <div class=\"full-media-text__right-col\">\n        <div class=\"full-media-text__innerblock-wrapper\">\n          <div class=\"acf-innerblocks-container\">\n            \n\n<p class=\"is-style-surtitle is-style-suptitle\">Notre histoire<\/p>\n\n\n\n<h2 class=\"wp-block-heading\">DT Tire est un nom de confiance dans la distribution de pneus depuis 1996, soutenant les garages ind\u00e9pendants, les d\u00e9taillants de pneus et les centres de m\u00e9canique \u00e0 travers le Canada.<\/h2>\n\n\n\n<p>Au fil des ans, nous avons renforc\u00e9 notre engagement \u00e0 offrir un service exceptionnel, des conseils d&rsquo;experts et des programmes sur mesure con\u00e7us pour le march\u00e9 ind\u00e9pendant.<\/p>\n\n\n\n<p>Nous servons exclusivement les entreprises du march\u00e9 libre, en leur donnant acc\u00e8s \u00e0 une vaste s\u00e9lection de pneus et de roues de haute qualit\u00e9, \u00e0 des prix concurrentiels et \u00e0 un soutien strat\u00e9gique pour les aider \u00e0 prosp\u00e9rer. Plus qu&rsquo;un simple fournisseur, nous sommes un v\u00e9ritable partenaire, \u00e9tablissant des relations bas\u00e9es sur la confiance et le succ\u00e8s partag\u00e9.<\/p>\n\n\n\n<p>Chez DT Tire, nous faisons progresser votre entreprise gr\u00e2ce \u00e0 la fiabilit\u00e9, \u00e0 l&rsquo;efficacit\u00e9 et \u00e0 l&rsquo;expertise industrielle sur lesquelles vous pouvez compter.<\/p>\n\n\n          <\/div>\n        <\/div>\n      <\/div>\n\n    <!-- -- Media in right column -- -->\n    \n  <\/div>\n  \n<\/section>\n\n\n<section class=\"team-grid team-grid--columns-4 team-grid--columns-4 alignfull\"\n>\n  <div class=\"team-grid__inner container--wide\">\n          <h2 class=\"team-grid__title is-style-suptitle\">Rencontrez nos dirigeants<\/h2>\n    \n    <div class=\"team-grid__members\">\n\n                        \n          <div class=\"team-grid__member\">\n            <!-- -- Photo -- -->\n                          <div class=\"team-grid__member__img-wrapper\">\n                <img decoding=\"async\" width=\"300\" height=\"300\" src=\"https:\/\/dttire.ca\/wp-content\/uploads\/2025\/06\/ISA03237-e1750262721631-300x300.jpg\" class=\"attachment-medium size-medium\" alt=\"\" srcset=\"https:\/\/dttire.ca\/wp-content\/uploads\/2025\/06\/ISA03237-e1750262721631-300x300.jpg 300w, https:\/\/dttire.ca\/wp-content\/uploads\/2025\/06\/ISA03237-e1750262721631-150x150.jpg 150w, https:\/\/dttire.ca\/wp-content\/uploads\/2025\/06\/ISA03237-e1750262721631-768x768.jpg 768w, https:\/\/dttire.ca\/wp-content\/uploads\/2025\/06\/ISA03237-e1750262721631-400x400.jpg 400w, https:\/\/dttire.ca\/wp-content\/uploads\/2025\/06\/ISA03237-e1750262721631-600x600.jpg 600w, https:\/\/dttire.ca\/wp-content\/uploads\/2025\/06\/ISA03237-e1750262721631.jpg 998w\" sizes=\"(max-width: 300px) 100vw, 300px\" \/>              <\/div>\n                        \n            <div class=\"team-grid__member__content memberContent\">\n\n              <div class=\"team-grid__member__header-content__wrapper\">\n                <div class=\"team-grid__member__head-content\">\n                  <!-- -- Name -- -->\n                                      <p class=\"team-grid__member__name\">Nicolas Touchette<\/p>\n                      \n                  <!-- -- position -- -->\n                                      <p class=\"team-grid__member__position\">Co-Chef de la direction<\/p>\n                                  <\/div>\n                <div class=\"team-grid__member__arrow icon-arrow-backward\"><\/div>\n              <\/div>\n\n              <!-- -- description -- -->\n                              <p class=\"team-grid__member__description\">En tant que co-chef de la direction et copropri\u00e9taire, Nicolas cumule 25 ans d\u2019exp\u00e9rience dans l\u2019industrie du pneu. Il dirige la croissance et la vision strat\u00e9gique de Groupe Touchette avec une expertise op\u00e9rationnelle reconnue et une vision claire de l\u2019avenir. Gr\u00e2ce \u00e0 sa connaissance approfondie du secteur et \u00e0 son leadership, l\u2019entreprise s\u2019est impos\u00e9e comme un chef de file \u00e0 l\u2019\u00e9chelle nationale.<\/p>\n              \n            <\/div>\n          <\/div>\n\n                  \n          <div class=\"team-grid__member\">\n            <!-- -- Photo -- -->\n                          <div class=\"team-grid__member__img-wrapper\">\n                <img decoding=\"async\" width=\"300\" height=\"300\" src=\"https:\/\/dttire.ca\/wp-content\/uploads\/2025\/06\/Frederic_Bouthillier_2025-e1750262778360-300x300.jpg\" class=\"attachment-medium size-medium\" alt=\"\" srcset=\"https:\/\/dttire.ca\/wp-content\/uploads\/2025\/06\/Frederic_Bouthillier_2025-e1750262778360-300x300.jpg 300w, https:\/\/dttire.ca\/wp-content\/uploads\/2025\/06\/Frederic_Bouthillier_2025-e1750262778360-150x150.jpg 150w, https:\/\/dttire.ca\/wp-content\/uploads\/2025\/06\/Frederic_Bouthillier_2025-e1750262778360-768x768.jpg 768w, https:\/\/dttire.ca\/wp-content\/uploads\/2025\/06\/Frederic_Bouthillier_2025-e1750262778360-400x400.jpg 400w, https:\/\/dttire.ca\/wp-content\/uploads\/2025\/06\/Frederic_Bouthillier_2025-e1750262778360-600x600.jpg 600w, https:\/\/dttire.ca\/wp-content\/uploads\/2025\/06\/Frederic_Bouthillier_2025-e1750262778360.jpg 986w\" sizes=\"(max-width: 300px) 100vw, 300px\" \/>              <\/div>\n                        \n            <div class=\"team-grid__member__content memberContent\">\n\n              <div class=\"team-grid__member__header-content__wrapper\">\n                <div class=\"team-grid__member__head-content\">\n                  <!-- -- Name -- -->\n                                      <p class=\"team-grid__member__name\">Fr\u00e9d\u00e9ric Bouthillier<\/p>\n                      \n                  <!-- -- position -- -->\n                                      <p class=\"team-grid__member__position\">Co-chef de la direction<\/p>\n                                  <\/div>\n                <div class=\"team-grid__member__arrow icon-arrow-backward\"><\/div>\n              <\/div>\n\n              <!-- -- description -- -->\n                              <p class=\"team-grid__member__description\">Fort de 25 ans d\u2019exp\u00e9rience dans l\u2019industrie du pneu, Fr\u00e9d\u00e9ric est copropri\u00e9taire et co-chef de la direction de Groupe Touchette. Il est responsable des revenus, de la rentabilit\u00e9, des strat\u00e9gies de produits ainsi que des relations avec les fabricants de pneus. Son esprit d\u2019analyse, son souci du d\u00e9tail et son leadership inclusif ont grandement contribu\u00e9 au succ\u00e8s et \u00e0 la croissance soutenue de l\u2019entreprise.<\/p>\n              \n            <\/div>\n          <\/div>\n\n                  \n          <div class=\"team-grid__member\">\n            <!-- -- Photo -- -->\n                          <div class=\"team-grid__member__img-wrapper\">\n                <img decoding=\"async\" width=\"300\" height=\"300\" src=\"https:\/\/dttire.ca\/wp-content\/uploads\/2025\/06\/Frederic_Poussard_2025-e1750262754915-300x300.jpg\" class=\"attachment-medium size-medium\" alt=\"\" srcset=\"https:\/\/dttire.ca\/wp-content\/uploads\/2025\/06\/Frederic_Poussard_2025-e1750262754915-300x300.jpg 300w, https:\/\/dttire.ca\/wp-content\/uploads\/2025\/06\/Frederic_Poussard_2025-e1750262754915-150x150.jpg 150w, https:\/\/dttire.ca\/wp-content\/uploads\/2025\/06\/Frederic_Poussard_2025-e1750262754915-768x768.jpg 768w, https:\/\/dttire.ca\/wp-content\/uploads\/2025\/06\/Frederic_Poussard_2025-e1750262754915-400x400.jpg 400w, https:\/\/dttire.ca\/wp-content\/uploads\/2025\/06\/Frederic_Poussard_2025-e1750262754915-600x600.jpg 600w, https:\/\/dttire.ca\/wp-content\/uploads\/2025\/06\/Frederic_Poussard_2025-e1750262754915.jpg 1014w\" sizes=\"(max-width: 300px) 100vw, 300px\" \/>              <\/div>\n                        \n            <div class=\"team-grid__member__content memberContent\">\n\n              <div class=\"team-grid__member__header-content__wrapper\">\n                <div class=\"team-grid__member__head-content\">\n                  <!-- -- Name -- -->\n                                      <p class=\"team-grid__member__name\">Fr\u00e9d\u00e9ric Poussard<\/p>\n                      \n                  <!-- -- position -- -->\n                                      <p class=\"team-grid__member__position\">Chef des op\u00e9rations financi\u00e8res<\/p>\n                                  <\/div>\n                <div class=\"team-grid__member__arrow icon-arrow-backward\"><\/div>\n              <\/div>\n\n              <!-- -- description -- -->\n                              <p class=\"team-grid__member__description\">Fr\u00e9d\u00e9ric est un cadre financier chevronn\u00e9, fort de plusieurs d\u00e9cennies d\u2019exp\u00e9rience au sein d\u2019entreprises publiques. Acteur cl\u00e9 dans le d\u00e9veloppement de la strat\u00e9gie de fusions et acquisitions de Groupe Touchette, il a su assurer la solidit\u00e9 financi\u00e8re de l\u2019entreprise gr\u00e2ce \u00e0 son expertise en gouvernance, en n\u00e9gociation et en gestion strat\u00e9gique.<\/p>\n              \n            <\/div>\n          <\/div>\n\n                  \n          <div class=\"team-grid__member\">\n            <!-- -- Photo -- -->\n                          <div class=\"team-grid__member__img-wrapper\">\n                <img decoding=\"async\" width=\"300\" height=\"300\" src=\"https:\/\/dttire.ca\/wp-content\/uploads\/2025\/12\/Jocelyn-Poirier-2-300x300.png\" class=\"attachment-medium size-medium\" alt=\"\" srcset=\"https:\/\/dttire.ca\/wp-content\/uploads\/2025\/12\/Jocelyn-Poirier-2-300x300.png 300w, https:\/\/dttire.ca\/wp-content\/uploads\/2025\/12\/Jocelyn-Poirier-2-150x150.png 150w, https:\/\/dttire.ca\/wp-content\/uploads\/2025\/12\/Jocelyn-Poirier-2-768x768.png 768w, https:\/\/dttire.ca\/wp-content\/uploads\/2025\/12\/Jocelyn-Poirier-2.png 1024w\" sizes=\"(max-width: 300px) 100vw, 300px\" \/>              <\/div>\n                        \n            <div class=\"team-grid__member__content memberContent\">\n\n              <div class=\"team-grid__member__header-content__wrapper\">\n                <div class=\"team-grid__member__head-content\">\n                  <!-- -- Name -- -->\n                                      <p class=\"team-grid__member__name\">Jocelyn Poirier<\/p>\n                      \n                  <!-- -- position -- -->\n                                      <p class=\"team-grid__member__position\">Chef des affaires corporatives<\/p>\n                                  <\/div>\n                <div class=\"team-grid__member__arrow icon-arrow-backward\"><\/div>\n              <\/div>\n\n              <!-- -- description -- -->\n                              <p class=\"team-grid__member__description\">Dirigeant d\u2019exp\u00e9rience, dipl\u00f4m\u00e9 en droit de l\u2019Universit\u00e9 de Sherbrooke et membre du Barreau du Qu\u00e9bec, Jocelyn Poirier est reconnu pour son leadership strat\u00e9gique et collaboratif. Fort d\u2019une exp\u00e9rience multisectorielle, il a pilot\u00e9 d\u2019importantes transformations organisationnelles et a contribu\u00e9 \u00e0 l\u2019am\u00e9lioration durable de la performance de plusieurs entreprises d\u2019envergure.<\/p>\n              \n            <\/div>\n          <\/div>\n\n                  <\/div>\n  <\/div>\n<\/section>\n\n\n\n<div class=\"wp-block-group alignfull has-white-blue-background-color has-background is-layout-constrained wp-block-group-is-layout-constrained\">\n<section class=\"full-media-text theme-block theme-block--innerblock alignfull video-full-size media-on-the-left apply-big-margin reverse-order-mobile\" style=\"background-color:\">\n  <div class=\"full-media-text__inner\">\n\n    <!-- -- Media in left column -- -->\n    \n      <div class=\"full-media-text__left-col\">\n         \n          \n<div class=\"full-media-text__media__wrapper crop-top\">\n  <div class=\"full-media-text__media\">\n\n          <img decoding=\"async\" src=\"https:\/\/dttire.ca\/wp-content\/uploads\/2025\/03\/Touchette-FINAL-nov-2023-33-scaled-1.jpg\" alt=\"\" class=\"full-media-text__image\">\n    \n  <\/div>\n<\/div>\n              <\/div>\n      \n      <div class=\"full-media-text__right-col\">\n        <div class=\"full-media-text__innerblock-wrapper\">\n          <div class=\"acf-innerblocks-container\">\n            \n\n<p class=\"is-style-suptitle\">Les valeurs qui nous guident<\/p>\n\n\n\n<h2 class=\"wp-block-heading is-style-default\">Nos valeurs fondamentales nous d\u00e9finissent, guident nos d\u00e9cisions et renforcent nos relations, tant au sein de notre \u00e9quipe qu\u2019avec la communaut\u00e9.<\/h2>\n\n\n\n<h3 class=\"wp-block-heading\">Collaboration<\/h3>\n\n\n\n<p>Nous surmontons les obstacles, travaillons en \u00e9quipe et c\u00e9l\u00e9brons les succ\u00e8s ensemble.<\/p>\n\n\n\n<h3 class=\"wp-block-heading\">Respect<\/h3>\n\n\n\n<p>Nous sommes \u00e0 l\u2019\u00e9coute, reconnaissons les autres et les traitons avec dignit\u00e9. Nous agissons comme une \u00e9quipe, en nous soutenant les uns les autres.<\/p>\n\n\n\n<h3 class=\"wp-block-heading\">Int\u00e9grit\u00e9<\/h3>\n\n\n\n<p>Nous faisons ce qui est juste &#8211; pour nos clients, notre entreprise et les uns pour les autres.<\/p>\n\n\n\n<h3 class=\"wp-block-heading\">Excellence<\/h3>\n\n\n\n<p>L&rsquo;expertise, la qualit\u00e9 et l&rsquo;innovation nous poussent \u00e0 offrir ce qu&rsquo;il y a de mieux.<\/p>\n\n\n\n<h3 class=\"wp-block-heading\">Sens des responsabilit\u00e9s<\/h3>\n\n\n\n<p>Nous prenons nos responsabilit\u00e9s, respectons nos engagements et allons jusqu&rsquo;au bout.<\/p>\n\n\n          <\/div>\n        <\/div>\n      <\/div>\n\n    <!-- -- Media in right column -- -->\n    \n  <\/div>\n  \n<\/section>\n\n\n\n<section class=\"full-media-text theme-block theme-block--innerblock alignfull video-full-size media-on-the-right apply-big-margin\" style=\"background-color:\">\n  <div class=\"full-media-text__inner\">\n\n    <!-- -- Media in left column -- -->\n     \n\n      <div class=\"full-media-text__left-col\">\n        <div class=\"full-media-text__innerblock-wrapper\">\n          <div class=\"acf-innerblocks-container\">\n            \n\n<p class=\"is-style-suptitle\">Notre engagement en mati\u00e8re d&rsquo;ESG<\/p>\n\n\n\n<h2 class=\"wp-block-heading is-style-default\">Chez DT Tire, le d\u00e9veloppement durable est une priorit\u00e9. Notre strat\u00e9gie se concentre sur quatre domaines cl\u00e9s : l&rsquo;\u00e9limination responsable des pneus, la transition \u00e9cologique, les personnes et les communaut\u00e9s, et une gouvernance solide.<\/h2>\n\n\n\n<h3 class=\"wp-block-heading\">Gestion de l&rsquo;environnement<\/h3>\n\n\n\n<p>Nous minimisons notre impact en g\u00e9rant la fin de vie des pneus, en promouvant une \u00e9conomie circulaire et en investissant dans des solutions durables.<\/p>\n\n\n\n<h3 class=\"wp-block-heading\">Responsabilit\u00e9 sociale<\/h3>\n\n\n\n<p>Nous favorisons un lieu de travail s\u00fbr et inclusif et soutenons les communaut\u00e9s locales pour am\u00e9liorer la r\u00e9silience et le bien-\u00eatre.<\/p>\n\n\n\n<h3 class=\"wp-block-heading\">Gouvernance et \u00e9thique<\/h3>\n\n\n\n<p>Nous d\u00e9fendons la transparence, la responsabilit\u00e9 et la conformit\u00e9, en garantissant l&rsquo;int\u00e9grit\u00e9 dans toutes les op\u00e9rations.<\/p>\n\n\n\n<p>En faisant de l&rsquo;ESG un pilier central, nous conduisons des changements significatifs, renfor\u00e7ons notre industrie et cr\u00e9ons une valeur durable.<\/p>\n\n\n          <\/div>\n        <\/div>\n      <\/div>\n        \n      <div class=\"full-media-text__right-col\">\n         \n          \n<div class=\"full-media-text__media__wrapper crop-bottom\">\n  <div class=\"full-media-text__media\">\n\n          <img decoding=\"async\" src=\"https:\/\/dttire.ca\/wp-content\/uploads\/2025\/03\/Touchette-FINAL-nov-2023-22-scaled-1.jpg\" alt=\"\" class=\"full-media-text__image\">\n    \n  <\/div>\n<\/div>\n              <\/div>\n\n    \n  <\/div>\n  \n<\/section>\n<\/div>\n\n\n\n<p><\/p>\n","protected":false},"excerpt":{"rendered":"","protected":false},"author":1,"featured_media":0,"parent":0,"menu_order":0,"comment_status":"closed","ping_status":"closed","template":"","meta":{"_acf_changed":false,"footnotes":""},"class_list":["post-31","page","type-page","status-publish","hentry"],"acf":[],"_links":{"self":[{"href":"https:\/\/dttire.ca\/fr\/wp-json\/wp\/v2\/pages\/31","targetHints":{"allow":["GET"]}}],"collection":[{"href":"https:\/\/dttire.ca\/fr\/wp-json\/wp\/v2\/pages"}],"about":[{"href":"https:\/\/dttire.ca\/fr\/wp-json\/wp\/v2\/types\/page"}],"author":[{"embeddable":true,"href":"https:\/\/dttire.ca\/fr\/wp-json\/wp\/v2\/users\/1"}],"replies":[{"embeddable":true,"href":"https:\/\/dttire.ca\/fr\/wp-json\/wp\/v2\/comments?post=31"}],"version-history":[{"count":7,"href":"https:\/\/dttire.ca\/fr\/wp-json\/wp\/v2\/pages\/31\/revisions"}],"predecessor-version":[{"id":837,"href":"https:\/\/dttire.ca\/fr\/wp-json\/wp\/v2\/pages\/31\/revisions\/837"}],"wp:attachment":[{"href":"https:\/\/dttire.ca\/fr\/wp-json\/wp\/v2\/media?parent=31"}],"curies":[{"name":"wp","href":"https:\/\/api.w.org\/{rel}","templated":true}]}}