{"id":53,"date":"2025-01-10T14:55:10","date_gmt":"2025-01-10T19:55:10","guid":{"rendered":"https:\/\/dttire.ca\/?page_id=53"},"modified":"2025-06-27T13:52:00","modified_gmt":"2025-06-27T17:52:00","slug":"carrieres","status":"publish","type":"page","link":"https:\/\/dttire.ca\/fr\/carrieres\/","title":{"rendered":"Carri\u00e8res"},"content":{"rendered":"\n<div class=\"wp-block-columns is-layout-flex wp-container-core-columns-is-layout-28f84493 wp-block-columns-is-layout-flex\">\n<div class=\"wp-block-column is-layout-flow wp-block-column-is-layout-flow\">\n<section class=\"full-media-text theme-block theme-block--innerblock alignfull video-full-size media-on-the-right apply-big-margin\" style=\"background-color:#ffffff\">\n  <div class=\"full-media-text__inner\">\n\n    <!-- -- Media in left column -- -->\n     \n\n      <div class=\"full-media-text__left-col\">\n        <div class=\"full-media-text__innerblock-wrapper\">\n          <div class=\"acf-innerblocks-container\">\n            \n\n<p class=\"is-style-suptitle\">Propulse ta carri\u00e8re<\/p>\n\n\n\n<h2 class=\"wp-block-heading\">B\u00e2tis ta carri\u00e8re. Fais une diff\u00e9rence.<\/h2>\n\n\n\n<p>Joins-toi \u00e0 une \u00e9quipe en pleine croissance qui red\u00e9finit la distribution de pneus et qui offre de vraies opportunit\u00e9s d\u2019avancement professionnel.<\/p>\n\n\n\n<p>Pr\u00eat \u00e0 passer \u00e0 la prochaine vitesse?<\/p>\n\n\n\n<div class=\"wp-block-buttons is-layout-flex wp-block-buttons-is-layout-flex\">\n<div class=\"wp-block-button\"><a class=\"wp-block-button__link wp-element-button\" href=\"https:\/\/recruiting.ultipro.ca\/GRO5004GTOU\/JobBoard\/725a44ac-2d84-4079-97a5-e64f4eab2f40\/?q=&amp;o=postedDateDesc\" target=\"_blank\" rel=\"noopener\">VOIR LES POSTES DISPONIBLES<\/a><\/div>\n<\/div>\n\n\n          <\/div>\n        <\/div>\n      <\/div>\n        \n      <div class=\"full-media-text__right-col\">\n         \n          \n<div class=\"full-media-text__media__wrapper crop-bottom\">\n  <div class=\"full-media-text__media\">\n\n          <img decoding=\"async\" src=\"https:\/\/dttire.ca\/wp-content\/uploads\/2025\/06\/ISA09219.jpg\" alt=\"\" class=\"full-media-text__image\">\n    \n  <\/div>\n<\/div>\n              <\/div>\n\n    \n  <\/div>\n  \n<\/section>\n\n\n\n<section class=\"full-media-text theme-block theme-block--innerblock alignfull video-full-size media-on-the-left apply-big-margin\" style=\"background-color:#ffffff\">\n  <div class=\"full-media-text__inner\">\n\n    <!-- -- Media in left column -- -->\n    \n      <div class=\"full-media-text__left-col\">\n         \n          \n<div class=\"full-media-text__media__wrapper crop-top\">\n  <div class=\"full-media-text__media\">\n\n          <img decoding=\"async\" src=\"https:\/\/dttire.ca\/wp-content\/uploads\/2025\/06\/ISA09565.jpg\" alt=\"\" class=\"full-media-text__image\">\n    \n  <\/div>\n<\/div>\n              <\/div>\n      \n      <div class=\"full-media-text__right-col\">\n        <div class=\"full-media-text__innerblock-wrapper\">\n          <div class=\"acf-innerblocks-container\">\n            \n\n<p class=\"is-style-suptitle\">POURQUOI TRAVAILLER AVEC NOUS?<\/p>\n\n\n\n<h2 class=\"wp-block-heading\">L\u00e0 o\u00f9 ta carri\u00e8re progresse<\/h2>\n\n\n\n<p><strong><strong>Une culture de collaboratio<\/strong>n<\/strong><br>Travaille aux c\u00f4t\u00e9s de coll\u00e8gues qui s\u2019entraident, partagent leurs connaissances et c\u00e9l\u00e8brent les succ\u00e8s en \u00e9quipe.<\/p>\n\n\n\n<p><strong><strong>Une ambiance positive, chaque jou<\/strong>r<\/strong><br>Profite d\u2019un milieu de travail o\u00f9 la confiance, le respect et l\u2019encouragement alimentent ton d\u00e9veloppement personnel et professionnel.<\/p>\n\n\n\n<p><strong><strong>Un leadership inspirant<\/strong><\/strong><br>Sois inspir\u00e9 par des leaders \u00e0 l\u2019\u00e9coute, motivants et qui te donnent la libert\u00e9 d\u2019avoir un r\u00e9el impact.<\/p>\n\n\n\n<p><strong><strong>Toujours bien inform<\/strong>\u00e9<\/strong><br>B\u00e9n\u00e9ficie d\u2019une communication ouverte, transparente et de r\u00e9troactions claires pour toujours aller de l\u2019avant.<\/p>\n\n\n\n<div class=\"wp-block-buttons is-layout-flex wp-block-buttons-is-layout-flex\">\n<div class=\"wp-block-button\"><a class=\"wp-block-button__link wp-element-button\" href=\"https:\/\/recruiting.ultipro.ca\/GRO5004GTOU\/JobBoard\/725a44ac-2d84-4079-97a5-e64f4eab2f40\/?q=&amp;o=postedDateDesc\" target=\"_blank\" rel=\"noopener\">POSTULE D\u00c8S MAINTENANT<\/a><\/div>\n<\/div>\n\n\n          <\/div>\n        <\/div>\n      <\/div>\n\n    <!-- -- Media in right column -- -->\n    \n  <\/div>\n  \n<\/section>\n<\/div>\n<\/div>\n\n\n\n<p><\/p>\n","protected":false},"excerpt":{"rendered":"","protected":false},"author":1,"featured_media":0,"parent":0,"menu_order":0,"comment_status":"closed","ping_status":"closed","template":"","meta":{"_acf_changed":false,"footnotes":""},"class_list":["post-53","page","type-page","status-publish","hentry"],"acf":[],"_links":{"self":[{"href":"https:\/\/dttire.ca\/fr\/wp-json\/wp\/v2\/pages\/53","targetHints":{"allow":["GET"]}}],"collection":[{"href":"https:\/\/dttire.ca\/fr\/wp-json\/wp\/v2\/pages"}],"about":[{"href":"https:\/\/dttire.ca\/fr\/wp-json\/wp\/v2\/types\/page"}],"author":[{"embeddable":true,"href":"https:\/\/dttire.ca\/fr\/wp-json\/wp\/v2\/users\/1"}],"replies":[{"embeddable":true,"href":"https:\/\/dttire.ca\/fr\/wp-json\/wp\/v2\/comments?post=53"}],"version-history":[{"count":6,"href":"https:\/\/dttire.ca\/fr\/wp-json\/wp\/v2\/pages\/53\/revisions"}],"predecessor-version":[{"id":730,"href":"https:\/\/dttire.ca\/fr\/wp-json\/wp\/v2\/pages\/53\/revisions\/730"}],"wp:attachment":[{"href":"https:\/\/dttire.ca\/fr\/wp-json\/wp\/v2\/media?parent=53"}],"curies":[{"name":"wp","href":"https:\/\/api.w.org\/{rel}","templated":true}]}}