{"id":545,"date":"2025-04-04T15:55:30","date_gmt":"2025-04-04T19:55:30","guid":{"rendered":"https:\/\/dttire.ca\/?page_id=545"},"modified":"2025-06-18T12:01:32","modified_gmt":"2025-06-18T16:01:32","slug":"ouvrir-un-compte","status":"publish","type":"page","link":"https:\/\/dttire.ca\/fr\/ouvrir-un-compte\/","title":{"rendered":"Ouvrir un compte"},"content":{"rendered":"\n<p>Ouvrez votre compte DT Tire d\u00e8s aujourd&rsquo;hui et obtenez un acc\u00e8s exclusif \u00e0 nos outils promotionnels, \u00e0 notre catalogue complet, \u00e0 l&rsquo;achat en ligne, \u00e0 l&rsquo;inventaire en temps r\u00e9el et \u00e0 bien d&rsquo;autres choses encore. Remplissez simplement le formulaire ci-dessous et l&rsquo;un de nos repr\u00e9sentants vous contactera sous peu pour compl\u00e9ter l&rsquo;ouverture de votre compte.<\/p>\n\n\n<section class=\"gravity-forms-block alignfull\"><div class=\"gravity-forms-block__inner container\"><script type=\"text\/javascript\">\n\/* <![CDATA[ *\/\nvar gform;gform||(document.addEventListener(\"gform_main_scripts_loaded\",function(){gform.scriptsLoaded=!0}),document.addEventListener(\"gform\/theme\/scripts_loaded\",function(){gform.themeScriptsLoaded=!0}),window.addEventListener(\"DOMContentLoaded\",function(){gform.domLoaded=!0}),gform={domLoaded:!1,scriptsLoaded:!1,themeScriptsLoaded:!1,isFormEditor:()=>\"function\"==typeof InitializeEditor,callIfLoaded:function(o){return!(!gform.domLoaded||!gform.scriptsLoaded||!gform.themeScriptsLoaded&&!gform.isFormEditor()||(gform.isFormEditor()&&console.warn(\"The use of gform.initializeOnLoaded() is deprecated in the form editor context and will be removed in Gravity Forms 3.1.\"),o(),0))},initializeOnLoaded:function(o){gform.callIfLoaded(o)||(document.addEventListener(\"gform_main_scripts_loaded\",()=>{gform.scriptsLoaded=!0,gform.callIfLoaded(o)}),document.addEventListener(\"gform\/theme\/scripts_loaded\",()=>{gform.themeScriptsLoaded=!0,gform.callIfLoaded(o)}),window.addEventListener(\"DOMContentLoaded\",()=>{gform.domLoaded=!0,gform.callIfLoaded(o)}))},hooks:{action:{},filter:{}},addAction:function(o,r,e,t){gform.addHook(\"action\",o,r,e,t)},addFilter:function(o,r,e,t){gform.addHook(\"filter\",o,r,e,t)},doAction:function(o){gform.doHook(\"action\",o,arguments)},applyFilters:function(o){return gform.doHook(\"filter\",o,arguments)},removeAction:function(o,r){gform.removeHook(\"action\",o,r)},removeFilter:function(o,r,e){gform.removeHook(\"filter\",o,r,e)},addHook:function(o,r,e,t,n){null==gform.hooks[o][r]&&(gform.hooks[o][r]=[]);var d=gform.hooks[o][r];null==n&&(n=r+\"_\"+d.length),gform.hooks[o][r].push({tag:n,callable:e,priority:t=null==t?10:t})},doHook:function(r,o,e){var t;if(e=Array.prototype.slice.call(e,1),null!=gform.hooks[r][o]&&((o=gform.hooks[r][o]).sort(function(o,r){return o.priority-r.priority}),o.forEach(function(o){\"function\"!=typeof(t=o.callable)&&(t=window[t]),\"action\"==r?t.apply(null,e):e[0]=t.apply(null,e)})),\"filter\"==r)return e[0]},removeHook:function(o,r,t,n){var e;null!=gform.hooks[o][r]&&(e=(e=gform.hooks[o][r]).filter(function(o,r,e){return!!(null!=n&&n!=o.tag||null!=t&&t!=o.priority)}),gform.hooks[o][r]=e)}});\n\/* ]]> *\/\n<\/script>\n\n                <div class='gf_browser_gecko gform_wrapper gravity-theme gform-theme--no-framework' data-form-theme='gravity-theme' data-form-index='0' id='gform_wrapper_4' ><div id='gf_4' class='gform_anchor' tabindex='-1'><\/div>\n                        <div class='gform_heading'>\n                            <h2 class=\"gform_title\">Contactez-nous<\/h2>\n                            <p class='gform_description'><\/p>\n\t\t\t\t\t\t\t<p class='gform_required_legend'>\u00ab\u00a0<span class=\"gfield_required gfield_required_asterisk\">*<\/span>\u00a0\u00bb indique les champs n\u00e9cessaires<\/p>\n                        <\/div><form method='post' enctype='multipart\/form-data'  id='gform_4'  action='\/fr\/wp-json\/wp\/v2\/pages\/545#gf_4' data-formid='4' novalidate>\n                        <div class='gform-body gform_body'><div id='gform_fields_4' class='gform_fields top_label form_sublabel_below description_below validation_below'><div id=\"field_4_1\" class=\"gfield gfield--type-text gfield--input-type-text gfield--width-half gfield_contains_required field_sublabel_below gfield--no-description field_description_below field_validation_below gfield_visibility_visible gfield--text gfield--text\"  data-field-class=\"gfield--text gfield--text\" ><label class='gfield_label gform-field-label' for='input_4_1'>Nom de la compagnie<span class=\"gfield_required\"><span class=\"gfield_required gfield_required_asterisk\">*<\/span><\/span><\/label><div class='ginput_container ginput_container_text'><input name='input_1' id='input_4_1' type='text' value='' class='large'     aria-required=\"true\" aria-invalid=\"false\"   \/><\/div><\/div><div id=\"field_4_3\" class=\"gfield gfield--type-text gfield--input-type-text gfield--width-half gfield_contains_required field_sublabel_below gfield--no-description field_description_below field_validation_below gfield_visibility_visible gfield--text gfield--text\"  data-field-class=\"gfield--text gfield--text\" ><label class='gfield_label gform-field-label' for='input_4_3'>Nom du contact<span class=\"gfield_required\"><span class=\"gfield_required gfield_required_asterisk\">*<\/span><\/span><\/label><div class='ginput_container ginput_container_text'><input name='input_3' id='input_4_3' type='text' value='' class='large'     aria-required=\"true\" aria-invalid=\"false\"   \/><\/div><\/div><div id=\"field_4_4\" class=\"gfield gfield--type-text gfield--input-type-text gfield--width-full gfield_contains_required field_sublabel_below gfield--no-description field_description_below field_validation_below gfield_visibility_visible gfield--text gfield--text\"  data-field-class=\"gfield--text gfield--text\" ><label class='gfield_label gform-field-label' for='input_4_4'>Adresse<span class=\"gfield_required\"><span class=\"gfield_required gfield_required_asterisk\">*<\/span><\/span><\/label><div class='ginput_container ginput_container_text'><input name='input_4' id='input_4_4' type='text' value='' class='large'     aria-required=\"true\" aria-invalid=\"false\"   \/><\/div><\/div><div id=\"field_4_5\" class=\"gfield gfield--type-text gfield--input-type-text gfield--width-half field_sublabel_below gfield--no-description field_description_below field_validation_below gfield_visibility_visible gfield--text gfield--text\"  data-field-class=\"gfield--text gfield--text\" ><label class='gfield_label gform-field-label' for='input_4_5'>Ville<\/label><div class='ginput_container ginput_container_text'><input name='input_5' id='input_4_5' type='text' value='' class='large'      aria-invalid=\"false\"   \/><\/div><\/div><div id=\"field_4_6\" class=\"gfield gfield--type-text gfield--input-type-text gfield--width-half field_sublabel_below gfield--no-description field_description_below field_validation_below gfield_visibility_visible gfield--text gfield--text\"  data-field-class=\"gfield--text gfield--text\" ><label class='gfield_label gform-field-label' for='input_4_6'>Province<\/label><div class='ginput_container ginput_container_text'><input name='input_6' id='input_4_6' type='text' value='' class='large'      aria-invalid=\"false\"   \/><\/div><\/div><div id=\"field_4_7\" class=\"gfield gfield--type-text gfield--input-type-text gfield--width-half gfield_contains_required field_sublabel_below gfield--no-description field_description_below field_validation_below gfield_visibility_visible gfield--text gfield--text\"  data-field-class=\"gfield--text gfield--text\" ><label class='gfield_label gform-field-label' for='input_4_7'>Comment vous joindre<span class=\"gfield_required\"><span class=\"gfield_required gfield_required_asterisk\">*<\/span><\/span><\/label><div class='ginput_container ginput_container_text'><input name='input_7' id='input_4_7' type='text' value='' class='large'     aria-required=\"true\" aria-invalid=\"false\"   \/><\/div><\/div><div id=\"field_4_8\" class=\"gfield gfield--type-text gfield--input-type-text gfield--width-half gfield_contains_required field_sublabel_below gfield--no-description field_description_below field_validation_below gfield_visibility_visible gfield--text gfield--text\"  data-field-class=\"gfield--text gfield--text\" ><label class='gfield_label gform-field-label' for='input_4_8'>Adresse courriel<span class=\"gfield_required\"><span class=\"gfield_required gfield_required_asterisk\">*<\/span><\/span><\/label><div class='ginput_container ginput_container_text'><input name='input_8' id='input_4_8' type='text' value='' class='large'     aria-required=\"true\" aria-invalid=\"false\"   \/><\/div><\/div><fieldset id=\"field_4_10\" class=\"gfield gfield--type-radio gfield--type-choice gfield--input-type-radio gfield--width-full gfield_contains_required field_sublabel_below gfield--no-description field_description_below field_validation_below gfield_visibility_visible gfield--radio gfield--radio\"  data-field-class=\"gfield--radio gfield--radio\" ><legend class='gfield_label gform-field-label' >Type d`entreprise<span class=\"gfield_required\"><span class=\"gfield_required gfield_required_asterisk\">*<\/span><\/span><\/legend><div class='ginput_container ginput_container_radio'><div class='gfield_radio' id='input_4_10'>\n\t\t\t<div class='gchoice gchoice_4_10_0'>\n\t\t\t\t\t<input class='gfield-choice-input' name='input_10' type='radio' value='Sp\u00e9cialiste du pneu'  id='choice_4_10_0' onchange='gformToggleRadioOther( this )'    \/>\n\t\t\t\t\t<label for='choice_4_10_0' id='label_4_10_0' class='gform-field-label gform-field-label--type-inline'>Sp\u00e9cialiste du pneu<\/label>\n\t\t\t<\/div>\n\t\t\t<div class='gchoice gchoice_4_10_1'>\n\t\t\t\t\t<input class='gfield-choice-input' name='input_10' type='radio' value='M\u00e9canique automobile'  id='choice_4_10_1' onchange='gformToggleRadioOther( this )'    \/>\n\t\t\t\t\t<label for='choice_4_10_1' id='label_4_10_1' class='gform-field-label gform-field-label--type-inline'>M\u00e9canique automobile<\/label>\n\t\t\t<\/div>\n\t\t\t<div class='gchoice gchoice_4_10_2'>\n\t\t\t\t\t<input class='gfield-choice-input' name='input_10' type='radio' value='M\u00e9canique de camions lourds'  id='choice_4_10_2' onchange='gformToggleRadioOther( this )'    \/>\n\t\t\t\t\t<label for='choice_4_10_2' id='label_4_10_2' class='gform-field-label gform-field-label--type-inline'>M\u00e9canique de camions lourds<\/label>\n\t\t\t<\/div>\n\t\t\t<div class='gchoice gchoice_4_10_3'>\n\t\t\t\t\t<input class='gfield-choice-input' name='input_10' type='radio' value='Commerce de pi\u00e8ces d\u2019auto'  id='choice_4_10_3' onchange='gformToggleRadioOther( this )'    \/>\n\t\t\t\t\t<label for='choice_4_10_3' id='label_4_10_3' class='gform-field-label gform-field-label--type-inline'>Commerce de pi\u00e8ces d\u2019auto<\/label>\n\t\t\t<\/div>\n\t\t\t<div class='gchoice gchoice_4_10_4'>\n\t\t\t\t\t<input class='gfield-choice-input' name='input_10' type='radio' value='Garage de changements d\u2019huile'  id='choice_4_10_4' onchange='gformToggleRadioOther( this )'    \/>\n\t\t\t\t\t<label for='choice_4_10_4' id='label_4_10_4' class='gform-field-label gform-field-label--type-inline'>Garage de changements d\u2019huile<\/label>\n\t\t\t<\/div>\n\t\t\t<div class='gchoice gchoice_4_10_5'>\n\t\t\t\t\t<input class='gfield-choice-input' name='input_10' type='radio' value='Autre'  id='choice_4_10_5' onchange='gformToggleRadioOther( this )'    \/>\n\t\t\t\t\t<label for='choice_4_10_5' id='label_4_10_5' class='gform-field-label gform-field-label--type-inline'>Autre<\/label>\n\t\t\t<\/div><\/div><\/div><\/fieldset><fieldset id=\"field_4_11\" class=\"gfield gfield--type-radio gfield--type-choice gfield--input-type-radio gfield--width-full gfield_contains_required field_sublabel_below gfield--no-description field_description_below field_validation_below gfield_visibility_visible gfield--radio gfield--radio\"  data-field-class=\"gfield--radio gfield--radio\" ><legend class='gfield_label gform-field-label' >Total annuel actuel d\u2019achats de pneus<span class=\"gfield_required\"><span class=\"gfield_required gfield_required_asterisk\">*<\/span><\/span><\/legend><div class='ginput_container ginput_container_radio'><div class='gfield_radio' id='input_4_11'>\n\t\t\t<div class='gchoice gchoice_4_11_0'>\n\t\t\t\t\t<input class='gfield-choice-input' name='input_11' type='radio' value='Ne vend pas de pneus pr\u00e9sentement'  id='choice_4_11_0' onchange='gformToggleRadioOther( this )'    \/>\n\t\t\t\t\t<label for='choice_4_11_0' id='label_4_11_0' class='gform-field-label gform-field-label--type-inline'>Ne vend pas de pneus pr\u00e9sentement<\/label>\n\t\t\t<\/div>\n\t\t\t<div class='gchoice gchoice_4_11_1'>\n\t\t\t\t\t<input class='gfield-choice-input' name='input_11' type='radio' value='0 $ \u00e0 25 000 $'  id='choice_4_11_1' onchange='gformToggleRadioOther( this )'    \/>\n\t\t\t\t\t<label for='choice_4_11_1' id='label_4_11_1' class='gform-field-label gform-field-label--type-inline'>0 $ \u00e0 25 000 $<\/label>\n\t\t\t<\/div>\n\t\t\t<div class='gchoice gchoice_4_11_2'>\n\t\t\t\t\t<input class='gfield-choice-input' name='input_11' type='radio' value='25 000 $ \u00e0 50 000 $'  id='choice_4_11_2' onchange='gformToggleRadioOther( this )'    \/>\n\t\t\t\t\t<label for='choice_4_11_2' id='label_4_11_2' class='gform-field-label gform-field-label--type-inline'>25 000 $ \u00e0 50 000 $<\/label>\n\t\t\t<\/div>\n\t\t\t<div class='gchoice gchoice_4_11_3'>\n\t\t\t\t\t<input class='gfield-choice-input' name='input_11' type='radio' value='50 000 $ \u00e0 100 000 $'  id='choice_4_11_3' onchange='gformToggleRadioOther( this )'    \/>\n\t\t\t\t\t<label for='choice_4_11_3' id='label_4_11_3' class='gform-field-label gform-field-label--type-inline'>50 000 $ \u00e0 100 000 $<\/label>\n\t\t\t<\/div>\n\t\t\t<div class='gchoice gchoice_4_11_4'>\n\t\t\t\t\t<input class='gfield-choice-input' name='input_11' type='radio' value='100 000 $ et plus'  id='choice_4_11_4' onchange='gformToggleRadioOther( this )'    \/>\n\t\t\t\t\t<label for='choice_4_11_4' id='label_4_11_4' class='gform-field-label gform-field-label--type-inline'>100 000 $ et plus<\/label>\n\t\t\t<\/div><\/div><\/div><\/fieldset><fieldset id=\"field_4_12\" class=\"gfield gfield--type-radio gfield--type-choice gfield--input-type-radio gfield--width-full gfield_contains_required field_sublabel_below gfield--no-description field_description_below field_validation_below gfield_visibility_visible gfield--radio gfield--radio\"  data-field-class=\"gfield--radio gfield--radio\" ><legend class='gfield_label gform-field-label' >Total annuel souhait\u00e9 d\u2019achats de pneus<span class=\"gfield_required\"><span class=\"gfield_required gfield_required_asterisk\">*<\/span><\/span><\/legend><div class='ginput_container ginput_container_radio'><div class='gfield_radio' id='input_4_12'>\n\t\t\t<div class='gchoice gchoice_4_12_0'>\n\t\t\t\t\t<input class='gfield-choice-input' name='input_12' type='radio' value='0 $ \u00e0 25 000 $'  id='choice_4_12_0' onchange='gformToggleRadioOther( this )'    \/>\n\t\t\t\t\t<label for='choice_4_12_0' id='label_4_12_0' class='gform-field-label gform-field-label--type-inline'>0 $ \u00e0 25 000 $<\/label>\n\t\t\t<\/div>\n\t\t\t<div class='gchoice gchoice_4_12_1'>\n\t\t\t\t\t<input class='gfield-choice-input' name='input_12' type='radio' value='25 000 $ \u00e0 50 000 $'  id='choice_4_12_1' onchange='gformToggleRadioOther( this )'    \/>\n\t\t\t\t\t<label for='choice_4_12_1' id='label_4_12_1' class='gform-field-label gform-field-label--type-inline'>25 000 $ \u00e0 50 000 $<\/label>\n\t\t\t<\/div>\n\t\t\t<div class='gchoice gchoice_4_12_2'>\n\t\t\t\t\t<input class='gfield-choice-input' name='input_12' type='radio' value='50 000 $ \u00e0 100 000 $'  id='choice_4_12_2' onchange='gformToggleRadioOther( this )'    \/>\n\t\t\t\t\t<label for='choice_4_12_2' id='label_4_12_2' class='gform-field-label gform-field-label--type-inline'>50 000 $ \u00e0 100 000 $<\/label>\n\t\t\t<\/div>\n\t\t\t<div class='gchoice gchoice_4_12_3'>\n\t\t\t\t\t<input class='gfield-choice-input' name='input_12' type='radio' value='100 000 $ et plus'  id='choice_4_12_3' onchange='gformToggleRadioOther( this )'    \/>\n\t\t\t\t\t<label for='choice_4_12_3' id='label_4_12_3' class='gform-field-label gform-field-label--type-inline'>100 000 $ et plus<\/label>\n\t\t\t<\/div><\/div><\/div><\/fieldset><div id=\"field_4_9\" class=\"gfield gfield--type-textarea gfield--input-type-textarea gfield--width-full gfield_contains_required field_sublabel_below gfield--no-description field_description_below field_validation_below gfield_visibility_visible gfield--textarea gfield--textarea\"  data-field-class=\"gfield--textarea gfield--textarea\" ><label class='gfield_label gform-field-label' for='input_4_9'>Message<span class=\"gfield_required\"><span class=\"gfield_required gfield_required_asterisk\">*<\/span><\/span><\/label><div class='ginput_container ginput_container_textarea'><textarea name='input_9' id='input_4_9' class='textarea large'     aria-required=\"true\" aria-invalid=\"false\"   rows='10' cols='50'><\/textarea><\/div><\/div><\/div><\/div>\n        <div class='gform-footer gform_footer top_label'> <button type='submit' id='gform_submit_button_4' class='btn gform_button button' onclick='gform.submission.handleButtonClick(this);' data-submission-type='submit' value='Envoyer'  >Envoyer<\/button> \n            <input type='hidden' class='gform_hidden' name='gform_submission_method' data-js='gform_submission_method_4' value='postback' \/>\n            <input type='hidden' class='gform_hidden' name='gform_theme' data-js='gform_theme_4' id='gform_theme_4' value='gravity-theme' \/>\n            <input type='hidden' class='gform_hidden' name='gform_style_settings' data-js='gform_style_settings_4' id='gform_style_settings_4' value='{&quot;inputPrimaryColor&quot;:&quot;#204ce5&quot;}' \/>\n            <input type='hidden' class='gform_hidden' name='is_submit_4' value='1' \/>\n            <input type='hidden' class='gform_hidden' name='gform_submit' value='4' \/>\n            \n            <input type='hidden' class='gform_hidden' name='gform_unique_id' value='' \/>\n            <input type='hidden' class='gform_hidden' name='state_4' value='WyJ7XCIxMFwiOltcImFiMzc3Mzk4NThlYTVhNmFhNzcxNjc4OThmZjFhYTg2XCIsXCI1NDNlMzAyMjAyZTMwMzZlZTJmM2EzNWRiNTM2NzBhZlwiLFwiMGU0M2RiNjZlYmM1ODY2ODNmNWYyZmQzMTYzZmY0Y2VcIixcIjMzZmNlYTA5NTUxMTZhZmVjOGZiNTE3YWI3YTdiNmE0XCIsXCIxMDBiZmMwMWNlZTI3MzgzM2FlMDhjMDFmZWE3YzExZFwiLFwiNGM1ZGE0NDc2ZGU2NGQwNDRmZTY2MzQwMjAwN2UzOWRcIl0sXCIxMVwiOltcIjkzY2Y4ZjM4YzRjOGE4NTA5MzAxNTdlOWQ4ZDZlNWVlXCIsXCIzZTJlZjhlOTM0NjZkYWNkMDdhYmMyNjJjNjllMGEwZlwiLFwiZTdjMGQ1ZTc0NjFkYTlkYzdjMGIwN2U2ZmRkMGViZDJcIixcImIwNmY2YjEzMmIzNzZlNzE2N2M2YWM4MTRkM2I1OGFlXCIsXCJiMzU0ODM1MzZjZDgzYWNiZDJhY2QwM2FiZmMyMDVlNlwiXSxcIjEyXCI6W1wiM2UyZWY4ZTkzNDY2ZGFjZDA3YWJjMjYyYzY5ZTBhMGZcIixcImU3YzBkNWU3NDYxZGE5ZGM3YzBiMDdlNmZkZDBlYmQyXCIsXCJiMDZmNmIxMzJiMzc2ZTcxNjdjNmFjODE0ZDNiNThhZVwiLFwiYjM1NDgzNTM2Y2Q4M2FjYmQyYWNkMDNhYmZjMjA1ZTZcIl19IiwiMDYxYjY3NGQ0YTRiNjMyMWJkMWZkZjZhY2EwMDcyYzciXQ==' \/>\n            <input type='hidden' autocomplete='off' class='gform_hidden' name='gform_target_page_number_4' id='gform_target_page_number_4' value='0' \/>\n            <input type='hidden' autocomplete='off' class='gform_hidden' name='gform_source_page_number_4' id='gform_source_page_number_4' value='1' \/>\n            <input type='hidden' name='gform_field_values' value='' \/>\n            \n        <\/div>\n                        <\/form>\n                        <\/div><script type=\"text\/javascript\">\n\/* <![CDATA[ *\/\ndocument.addEventListener( \"DOMContentLoaded\", function() {  gform.initializeOnLoaded( function() {gformInitSpinner( 4, 'https:\/\/dttire.ca\/wp-content\/plugins\/gravityforms\/images\/spinner.svg', true );jQuery('#gform_ajax_frame_4').on('load',function(){var contents = jQuery(this).contents().find('*').html();var is_postback = contents.indexOf('GF_AJAX_POSTBACK') >= 0;if(!is_postback){return;}var form_content = jQuery(this).contents().find('#gform_wrapper_4');var is_confirmation = jQuery(this).contents().find('#gform_confirmation_wrapper_4').length > 0;var is_redirect = contents.indexOf('gformRedirect(){') >= 0;var is_form = form_content.length > 0 && ! is_redirect && ! is_confirmation;var mt = parseInt(jQuery('html').css('margin-top'), 10) + parseInt(jQuery('body').css('margin-top'), 10) + 100;if(is_form){jQuery('#gform_wrapper_4').html(form_content.html());if(form_content.hasClass('gform_validation_error')){jQuery('#gform_wrapper_4').addClass('gform_validation_error');} else {jQuery('#gform_wrapper_4').removeClass('gform_validation_error');}setTimeout( function() { \/* delay the scroll by 50 milliseconds to fix a bug in chrome *\/ jQuery(document).scrollTop(jQuery('#gform_wrapper_4').offset().top - mt); }, 50 );if(window['gformInitDatepicker']) {gformInitDatepicker();}if(window['gformInitPriceFields']) {gformInitPriceFields();}var current_page = jQuery('#gform_source_page_number_4').val();gformInitSpinner( 4, 'https:\/\/dttire.ca\/wp-content\/plugins\/gravityforms\/images\/spinner.svg', true );jQuery(document).trigger('gform_page_loaded', [4, current_page]);window['gf_submitting_4'] = false;}else if(!is_redirect){var confirmation_content = jQuery(this).contents().find('.GF_AJAX_POSTBACK').html();if(!confirmation_content){confirmation_content = contents;}jQuery('#gform_wrapper_4').replaceWith(confirmation_content);jQuery(document).scrollTop(jQuery('#gf_4').offset().top - mt);jQuery(document).trigger('gform_confirmation_loaded', [4]);window['gf_submitting_4'] = false;wp.a11y.speak(jQuery('#gform_confirmation_message_4').text());}else{jQuery('#gform_4').append(contents);if(window['gformRedirect']) {gformRedirect();}}jQuery(document).trigger(\"gform_pre_post_render\", [{ formId: \"4\", currentPage: \"current_page\", abort: function() { this.preventDefault(); } }]);        if (event && event.defaultPrevented) {                return;        }        const gformWrapperDiv = document.getElementById( \"gform_wrapper_4\" );        if ( gformWrapperDiv ) {            const visibilitySpan = document.createElement( \"span\" );            visibilitySpan.id = \"gform_visibility_test_4\";            gformWrapperDiv.insertAdjacentElement( \"afterend\", visibilitySpan );        }        const visibilityTestDiv = document.getElementById( \"gform_visibility_test_4\" );        let postRenderFired = false;        function triggerPostRender() {            if ( postRenderFired ) {                return;            }            postRenderFired = true;            gform.core.triggerPostRenderEvents( 4, current_page );            if ( visibilityTestDiv ) {                visibilityTestDiv.parentNode.removeChild( visibilityTestDiv );            }        }        function debounce( func, wait, immediate ) {            var timeout;            return function() {                var context = this, args = arguments;                var later = function() {                    timeout = null;                    if ( !immediate ) func.apply( context, args );                };                var callNow = immediate && !timeout;                clearTimeout( timeout );                timeout = setTimeout( later, wait );                if ( callNow ) func.apply( context, args );            };        }        const debouncedTriggerPostRender = debounce( function() {            triggerPostRender();        }, 200 );        if ( visibilityTestDiv && visibilityTestDiv.offsetParent === null ) {            const observer = new MutationObserver( ( mutations ) => {                mutations.forEach( ( mutation ) => {                    if ( mutation.type === 'attributes' && visibilityTestDiv.offsetParent !== null ) {                        debouncedTriggerPostRender();                        observer.disconnect();                    }                });            });            observer.observe( document.body, {                attributes: true,                childList: false,                subtree: true,                attributeFilter: [ 'style', 'class' ],            });        } else {            triggerPostRender();        }    } );} );  }, false );\n\/* ]]> *\/\n<\/script>\n<div><\/section>\n\n\n<p><\/p>\n","protected":false},"excerpt":{"rendered":"<p>Ouvrez votre compte DT Tire d\u00e8s aujourd&rsquo;hui et obtenez un acc\u00e8s exclusif \u00e0 nos outils promotionnels, \u00e0 notre catalogue complet, \u00e0 l&rsquo;achat en ligne, \u00e0 l&rsquo;inventaire en temps r\u00e9el et \u00e0 bien d&rsquo;autres choses encore. Remplissez simplement le formulaire ci-dessous et l&rsquo;un de nos repr\u00e9sentants vous contactera sous peu pour compl\u00e9ter l&rsquo;ouverture de votre compte.<\/p>\n","protected":false},"author":1,"featured_media":0,"parent":0,"menu_order":0,"comment_status":"closed","ping_status":"closed","template":"","meta":{"_acf_changed":false,"footnotes":""},"class_list":["post-545","page","type-page","status-publish","hentry"],"acf":[],"_links":{"self":[{"href":"https:\/\/dttire.ca\/fr\/wp-json\/wp\/v2\/pages\/545","targetHints":{"allow":["GET"]}}],"collection":[{"href":"https:\/\/dttire.ca\/fr\/wp-json\/wp\/v2\/pages"}],"about":[{"href":"https:\/\/dttire.ca\/fr\/wp-json\/wp\/v2\/types\/page"}],"author":[{"embeddable":true,"href":"https:\/\/dttire.ca\/fr\/wp-json\/wp\/v2\/users\/1"}],"replies":[{"embeddable":true,"href":"https:\/\/dttire.ca\/fr\/wp-json\/wp\/v2\/comments?post=545"}],"version-history":[{"count":4,"href":"https:\/\/dttire.ca\/fr\/wp-json\/wp\/v2\/pages\/545\/revisions"}],"predecessor-version":[{"id":670,"href":"https:\/\/dttire.ca\/fr\/wp-json\/wp\/v2\/pages\/545\/revisions\/670"}],"wp:attachment":[{"href":"https:\/\/dttire.ca\/fr\/wp-json\/wp\/v2\/media?parent=545"}],"curies":[{"name":"wp","href":"https:\/\/api.w.org\/{rel}","templated":true}]}}